{"id":1153,"date":"2019-11-01T15:40:51","date_gmt":"2019-11-01T18:40:51","guid":{"rendered":"https:\/\/felipematias.com.br\/bereia\/?page_id=1153"},"modified":"2021-12-21T01:04:43","modified_gmt":"2021-12-21T04:04:43","slug":"seja-voluntario","status":"publish","type":"page","link":"https:\/\/felipematias.com.br\/bereia\/seja-voluntario\/","title":{"rendered":"Seja Volunt\u00e1rio"},"content":{"rendered":"\t\t<div data-elementor-type=\"wp-page\" data-elementor-id=\"1153\" class=\"elementor elementor-1153\">\n\t\t\t\t\t\t\t\t\t<section class=\"elementor-section elementor-top-section elementor-element elementor-element-55bcca71 elementor-section-boxed elementor-section-height-default elementor-section-height-default\" data-id=\"55bcca71\" data-element_type=\"section\" id=\"top\">\n\t\t\t\t\t\t<div class=\"elementor-container elementor-column-gap-default\">\n\t\t\t\t\t<div class=\"elementor-column elementor-col-100 elementor-top-column elementor-element elementor-element-5700d225\" data-id=\"5700d225\" data-element_type=\"column\">\n\t\t\t<div class=\"elementor-widget-wrap elementor-element-populated\">\n\t\t\t\t\t\t\t\t<section class=\"elementor-section elementor-inner-section elementor-element elementor-element-68b30b93 elementor-section-height-min-height elementor-section-content-middle elementor-section-boxed elementor-section-height-default\" data-id=\"68b30b93\" data-element_type=\"section\" data-settings=\"{&quot;background_background&quot;:&quot;classic&quot;}\">\n\t\t\t\t\t\t\t<div class=\"elementor-background-overlay\"><\/div>\n\t\t\t\t\t\t\t<div class=\"elementor-container elementor-column-gap-default\">\n\t\t\t\t\t<div class=\"elementor-column elementor-col-100 elementor-inner-column elementor-element elementor-element-337a5d05\" data-id=\"337a5d05\" data-element_type=\"column\">\n\t\t\t<div class=\"elementor-widget-wrap elementor-element-populated\">\n\t\t\t\t\t\t\t\t<div class=\"elementor-element elementor-element-75721bdb elementor-widget elementor-widget-heading\" data-id=\"75721bdb\" data-element_type=\"widget\" data-widget_type=\"heading.default\">\n\t\t\t\t<div class=\"elementor-widget-container\">\n\t\t\t<h2 class=\"elementor-heading-title elementor-size-default\">Seja um volunt\u00e1rio<\/h2>\t\t<\/div>\n\t\t\t\t<\/div>\n\t\t\t\t<div class=\"elementor-element elementor-element-278bd8ba elementor-widget__width-auto elementor-widget elementor-widget-heading\" data-id=\"278bd8ba\" data-element_type=\"widget\" data-widget_type=\"heading.default\">\n\t\t\t\t<div class=\"elementor-widget-container\">\n\t\t\t<h6 class=\"elementor-heading-title elementor-size-default\">Fa\u00e7a parte da nossa equipe<\/h6>\t\t<\/div>\n\t\t\t\t<\/div>\n\t\t\t\t\t<\/div>\n\t\t<\/div>\n\t\t\t\t\t\t\t<\/div>\n\t\t<\/section>\n\t\t\t\t\t<\/div>\n\t\t<\/div>\n\t\t\t\t\t\t\t<\/div>\n\t\t<\/section>\n\t\t\t\t<section class=\"elementor-section elementor-top-section elementor-element elementor-element-38be5dd0 elementor-section-boxed elementor-section-height-default elementor-section-height-default\" data-id=\"38be5dd0\" data-element_type=\"section\">\n\t\t\t\t\t\t<div class=\"elementor-container elementor-column-gap-default\">\n\t\t\t\t\t<div class=\"elementor-column elementor-col-100 elementor-top-column elementor-element elementor-element-53286514\" data-id=\"53286514\" data-element_type=\"column\">\n\t\t\t<div class=\"elementor-widget-wrap elementor-element-populated\">\n\t\t\t\t\t\t\t\t<section class=\"elementor-section elementor-inner-section elementor-element elementor-element-e83711f elementor-section-boxed elementor-section-height-default elementor-section-height-default\" data-id=\"e83711f\" data-element_type=\"section\">\n\t\t\t\t\t\t<div class=\"elementor-container elementor-column-gap-default\">\n\t\t\t\t\t<div class=\"elementor-column elementor-col-100 elementor-inner-column elementor-element elementor-element-5d434cde\" data-id=\"5d434cde\" data-element_type=\"column\">\n\t\t\t<div class=\"elementor-widget-wrap elementor-element-populated\">\n\t\t\t\t\t\t\t\t<div class=\"elementor-element elementor-element-2d8b7363 elementor-widget__width-auto elementor-widget elementor-widget-heading\" data-id=\"2d8b7363\" data-element_type=\"widget\" data-widget_type=\"heading.default\">\n\t\t\t\t<div class=\"elementor-widget-container\">\n\t\t\t<h6 class=\"elementor-heading-title elementor-size-default\">Voluntarie-se!<\/h6>\t\t<\/div>\n\t\t\t\t<\/div>\n\t\t\t\t<div class=\"elementor-element elementor-element-70638ebc elementor-widget-divider--view-line elementor-widget elementor-widget-divider\" data-id=\"70638ebc\" data-element_type=\"widget\" data-widget_type=\"divider.default\">\n\t\t\t\t<div class=\"elementor-widget-container\">\n\t\t\t\t\t<div class=\"elementor-divider\">\n\t\t\t<span class=\"elementor-divider-separator\">\n\t\t\t\t\t\t<\/span>\n\t\t<\/div>\n\t\t\t\t<\/div>\n\t\t\t\t<\/div>\n\t\t\t\t\t<\/div>\n\t\t<\/div>\n\t\t\t\t\t\t\t<\/div>\n\t\t<\/section>\n\t\t\t\t<div class=\"elementor-element elementor-element-7965566 elementor-widget elementor-widget-text-editor\" data-id=\"7965566\" data-element_type=\"widget\" data-widget_type=\"text-editor.default\">\n\t\t\t\t<div class=\"elementor-widget-container\">\n\t\t\t\t\t\t\t<p>Se voc\u00ea tem entre 4 e 8 horas dispon\u00edveis por semana, em dias subsequentes, voluntarie-se conosco!<\/p>\n<p>H\u00e1 vagas para todas as \u00e1reas do Bereia:<\/p>\n<ul>\n<li>reda\u00e7\u00e3o de checagens e reportagens;<\/li>\n<li>assessoria de imprensa;<br>gest\u00e3o de m\u00eddias sociais;<\/li>\n<li>revis\u00e3o;<br>gest\u00e3o de comunidades;<\/li>\n<\/ul>\n<p>Se voc\u00ea \u00e9 estudante de cursos na \u00e1rea de Comunica\u00e7\u00e3o Social (4\u00b0 semestre em diante) ou jornalista graduado\/a e quer fazer parte da equipe do Coletivo Bereia, preencha o formul\u00e1rio logo abaixo.<\/p>\n<p><b>Seu curr\u00edculo ser\u00e1 melhor avaliado se tiver as seguintes informa\u00e7\u00f5es:<\/b><\/p>\n<p><span style=\"font-size: 16px; letter-spacing: 0.2px;\">Seu curso e seu per\u00edodo ou data em que foi graduado(a);<br><\/span><span style=\"font-size: 16px; letter-spacing: 0.2px;\">Dias das semana em que voc\u00ea pode colaborar;<\/span><\/p>\n<p><span style=\"font-size: 16px; letter-spacing: 0.2px;\">Experi\u00eancias profissionais e acad\u00eamicas com Comunica\u00e7\u00e3o;<\/span><\/p>\n<p>Informa\u00e7\u00f5es sobre cursos e outras atividades na \u00e1rea de checagem (se j\u00e1 tiver feito)<span style=\"font-size: 16px; letter-spacing: 0.2px;\">;<\/span><\/p>\n<p><\/p>\t\t\t\t\t\t<\/div>\n\t\t\t\t<\/div>\n\t\t\t\t<section class=\"elementor-section elementor-inner-section elementor-element elementor-element-7bed3a elementor-section-boxed elementor-section-height-default elementor-section-height-default\" data-id=\"7bed3a\" data-element_type=\"section\">\n\t\t\t\t\t\t<div class=\"elementor-container elementor-column-gap-default\">\n\t\t\t\t\t<div class=\"elementor-column elementor-col-100 elementor-inner-column elementor-element elementor-element-6fb1ab18\" data-id=\"6fb1ab18\" data-element_type=\"column\">\n\t\t\t<div class=\"elementor-widget-wrap elementor-element-populated\">\n\t\t\t\t\t\t\t\t<div class=\"elementor-element elementor-element-438d60ff elementor-button-align-stretch elementor-widget elementor-widget-form\" data-id=\"438d60ff\" data-element_type=\"widget\" data-settings=\"{&quot;step_next_label&quot;:&quot;Next&quot;,&quot;step_previous_label&quot;:&quot;Previous&quot;,&quot;button_width&quot;:&quot;100&quot;,&quot;step_type&quot;:&quot;number_text&quot;,&quot;step_icon_shape&quot;:&quot;circle&quot;}\" data-widget_type=\"form.default\">\n\t\t\t\t<div class=\"elementor-widget-container\">\n\t\t\t\t\t<form class=\"elementor-form\" method=\"post\" name=\"New Form\">\n\t\t\t<input type=\"hidden\" name=\"post_id\" value=\"1153\"\/>\n\t\t\t<input type=\"hidden\" name=\"form_id\" value=\"438d60ff\"\/>\n\t\t\t<input type=\"hidden\" name=\"referer_title\" value=\"\" \/>\n\n\t\t\t\n\t\t\t<div class=\"elementor-form-fields-wrapper elementor-labels-above\">\n\t\t\t\t\t\t\t\t<div class=\"elementor-field-type-text elementor-field-group elementor-column elementor-field-group-name elementor-col-50 elementor-field-required\">\n\t\t\t\t\t<input size=\"1\" type=\"text\" name=\"form_fields[name]\" id=\"form-field-name\" class=\"elementor-field elementor-size-lg  elementor-field-textual\" placeholder=\"Nome\" required=\"required\" aria-required=\"true\">\t\t\t\t<\/div>\n\t\t\t\t\t\t\t\t<div class=\"elementor-field-type-email elementor-field-group elementor-column elementor-field-group-email elementor-col-50 elementor-field-required\">\n\t\t\t\t\t<input size=\"1\" type=\"email\" name=\"form_fields[email]\" id=\"form-field-email\" class=\"elementor-field elementor-size-lg  elementor-field-textual\" placeholder=\"Email\" required=\"required\" aria-required=\"true\">\t\t\t\t<\/div>\n\t\t\t\t\t\t\t\t<div class=\"elementor-field-type-text elementor-field-group elementor-column elementor-field-group-field_edc2170 elementor-col-100 elementor-field-required\">\n\t\t\t\t\t<input size=\"1\" type=\"text\" name=\"form_fields[field_edc2170]\" id=\"form-field-field_edc2170\" class=\"elementor-field elementor-size-lg  elementor-field-textual\" placeholder=\"\u00c1rea de interesse\" required=\"required\" aria-required=\"true\">\t\t\t\t<\/div>\n\t\t\t\t\t\t\t\t<div class=\"elementor-field-type-textarea elementor-field-group elementor-column elementor-field-group-message elementor-col-100\">\n\t\t\t\t\t<textarea class=\"elementor-field-textual elementor-field  elementor-size-lg\" name=\"form_fields[message]\" id=\"form-field-message\" rows=\"5\" placeholder=\"Conte-nos um pouco sobre voc\u00ea!\"><\/textarea>\t\t\t\t<\/div>\n\t\t\t\t\t\t\t\t<div class=\"elementor-field-type-upload elementor-field-group elementor-column elementor-field-group-field_39f3d9d elementor-col-100\">\n\t\t\t\t\t<label for=\"form-field-field_39f3d9d\" class=\"elementor-field-label\">Anexe seu curr\u00edculo (formatos aceitos: JPG e PDF)<\/label><input type=\"file\" name=\"form_fields[field_39f3d9d]\" id=\"form-field-field_39f3d9d\" class=\"elementor-field elementor-size-lg  elementor-upload-field\" data-maxsize=\"3\" data-maxsize-message=\"This file exceeds the maximum allowed size.\">\t\t\t\t<\/div>\n\t\t\t\t\t\t\t\t<div class=\"elementor-field-group elementor-column elementor-field-type-submit elementor-col-100 e-form__buttons\">\n\t\t\t\t\t<button type=\"submit\" class=\"elementor-button elementor-size-sm\">\n\t\t\t\t\t\t<span >\n\t\t\t\t\t\t\t\t\t\t\t\t\t\t\t<span class=\" elementor-button-icon\">\n\t\t\t\t\t\t\t\t\t\t\t\t\t\t\t\t\t\t\t\t\t\t\t\t\t\t<\/span>\n\t\t\t\t\t\t\t\t\t\t\t\t\t\t\t\t\t\t\t\t\t\t<span class=\"elementor-button-text\">Enviar<\/span>\n\t\t\t\t\t\t\t\t\t\t\t\t\t<\/span>\n\t\t\t\t\t<\/button>\n\t\t\t\t<\/div>\n\t\t\t<\/div>\n\t\t<\/form>\n\t\t\t\t<\/div>\n\t\t\t\t<\/div>\n\t\t\t\t\t<\/div>\n\t\t<\/div>\n\t\t\t\t\t\t\t<\/div>\n\t\t<\/section>\n\t\t\t\t\t<\/div>\n\t\t<\/div>\n\t\t\t\t\t\t\t<\/div>\n\t\t<\/section>\n\t\t\t\t\t\t\t<\/div>\n\t\t","protected":false},"excerpt":{"rendered":"<p>Seja um volunt\u00e1rio Fa\u00e7a parte da nossa equipe Voluntarie-se! Se voc\u00ea tem entre 4 e 8 horas dispon\u00edveis por semana, em dias subsequentes, voluntarie-se conosco! H\u00e1 vagas para todas as \u00e1reas do Bereia: reda\u00e7\u00e3o de checagens e reportagens; assessoria de imprensa;gest\u00e3o de m\u00eddias sociais; revis\u00e3o;gest\u00e3o de comunidades; Se voc\u00ea \u00e9 estudante de cursos na \u00e1rea &hellip;<\/p>\n","protected":false},"author":49,"featured_media":0,"parent":0,"menu_order":0,"comment_status":"closed","ping_status":"closed","template":"templates\/template-full-width.php","meta":{"footnotes":""},"_links":{"self":[{"href":"https:\/\/felipematias.com.br\/bereia\/wp-json\/wp\/v2\/pages\/1153"}],"collection":[{"href":"https:\/\/felipematias.com.br\/bereia\/wp-json\/wp\/v2\/pages"}],"about":[{"href":"https:\/\/felipematias.com.br\/bereia\/wp-json\/wp\/v2\/types\/page"}],"author":[{"embeddable":true,"href":"https:\/\/felipematias.com.br\/bereia\/wp-json\/wp\/v2\/users\/49"}],"replies":[{"embeddable":true,"href":"https:\/\/felipematias.com.br\/bereia\/wp-json\/wp\/v2\/comments?post=1153"}],"version-history":[{"count":25,"href":"https:\/\/felipematias.com.br\/bereia\/wp-json\/wp\/v2\/pages\/1153\/revisions"}],"predecessor-version":[{"id":9148,"href":"https:\/\/felipematias.com.br\/bereia\/wp-json\/wp\/v2\/pages\/1153\/revisions\/9148"}],"wp:attachment":[{"href":"https:\/\/felipematias.com.br\/bereia\/wp-json\/wp\/v2\/media?parent=1153"}],"curies":[{"name":"wp","href":"https:\/\/api.w.org\/{rel}","templated":true}]}}