{"id":8240,"date":"2021-07-15T23:25:27","date_gmt":"2021-07-16T02:25:27","guid":{"rendered":"https:\/\/felipematias.com.br\/bereia\/?page_id=8240"},"modified":"2021-12-20T22:58:34","modified_gmt":"2021-12-21T01:58:34","slug":"clipping","status":"publish","type":"page","link":"https:\/\/felipematias.com.br\/bereia\/clipping\/","title":{"rendered":"Clipping"},"content":{"rendered":"\t\t<div data-elementor-type=\"wp-page\" data-elementor-id=\"8240\" class=\"elementor elementor-8240\">\n\t\t\t\t\t\t\t\t\t<section class=\"elementor-section elementor-top-section elementor-element elementor-element-3c89701c elementor-section-boxed elementor-section-height-default elementor-section-height-default\" data-id=\"3c89701c\" data-element_type=\"section\">\n\t\t\t\t\t\t<div class=\"elementor-container elementor-column-gap-default\">\n\t\t\t\t\t<div class=\"elementor-column elementor-col-100 elementor-top-column elementor-element elementor-element-7d871db\" data-id=\"7d871db\" data-element_type=\"column\">\n\t\t\t<div class=\"elementor-widget-wrap elementor-element-populated\">\n\t\t\t\t\t\t\t\t<div class=\"elementor-element elementor-element-20d0c3a9 elementor-widget elementor-widget-spacer\" data-id=\"20d0c3a9\" data-element_type=\"widget\" data-widget_type=\"spacer.default\">\n\t\t\t\t<div class=\"elementor-widget-container\">\n\t\t\t\t\t<div class=\"elementor-spacer\">\n\t\t\t<div class=\"elementor-spacer-inner\"><\/div>\n\t\t<\/div>\n\t\t\t\t<\/div>\n\t\t\t\t<\/div>\n\t\t\t\t\t<\/div>\n\t\t<\/div>\n\t\t\t\t\t\t\t<\/div>\n\t\t<\/section>\n\t\t\t\t<section class=\"elementor-section elementor-inner-section elementor-element elementor-element-c38e32e elementor-section-boxed elementor-section-height-default elementor-section-height-default\" data-id=\"c38e32e\" data-element_type=\"section\">\n\t\t\t\t\t\t<div class=\"elementor-container elementor-column-gap-default\">\n\t\t\t\t\t<div class=\"elementor-column elementor-col-100 elementor-inner-column elementor-element elementor-element-1ea19ea\" data-id=\"1ea19ea\" data-element_type=\"column\">\n\t\t\t<div class=\"elementor-widget-wrap elementor-element-populated\">\n\t\t\t\t\t\t\t\t<div class=\"elementor-element elementor-element-2e8842d5 elementor-widget-divider--view-line elementor-widget elementor-widget-divider\" data-id=\"2e8842d5\" data-element_type=\"widget\" data-widget_type=\"divider.default\">\n\t\t\t\t<div class=\"elementor-widget-container\">\n\t\t\t\t\t<div class=\"elementor-divider\">\n\t\t\t<span class=\"elementor-divider-separator\">\n\t\t\t\t\t\t<\/span>\n\t\t<\/div>\n\t\t\t\t<\/div>\n\t\t\t\t<\/div>\n\t\t\t\t\t<\/div>\n\t\t<\/div>\n\t\t\t\t\t\t\t<\/div>\n\t\t<\/section>\n\t\t\t\t<section class=\"elementor-section elementor-top-section elementor-element elementor-element-6536e0b6 elementor-section-boxed elementor-section-height-default elementor-section-height-default\" data-id=\"6536e0b6\" data-element_type=\"section\">\n\t\t\t\t\t\t<div class=\"elementor-container elementor-column-gap-default\">\n\t\t\t\t\t<div class=\"elementor-column elementor-col-100 elementor-top-column elementor-element elementor-element-1712e484\" data-id=\"1712e484\" data-element_type=\"column\">\n\t\t\t<div class=\"elementor-widget-wrap elementor-element-populated\">\n\t\t\t\t\t\t\t\t<div class=\"elementor-element elementor-element-7473d918 elementor-grid-4 elementor-grid-tablet-2 elementor-grid-mobile-1 elementor-posts--thumbnail-top elementor-widget elementor-widget-posts\" data-id=\"7473d918\" data-element_type=\"widget\" data-settings=\"{&quot;classic_columns&quot;:&quot;4&quot;,&quot;pagination_type&quot;:&quot;numbers_and_prev_next&quot;,&quot;classic_columns_tablet&quot;:&quot;2&quot;,&quot;classic_columns_mobile&quot;:&quot;1&quot;,&quot;classic_row_gap&quot;:{&quot;unit&quot;:&quot;px&quot;,&quot;size&quot;:35,&quot;sizes&quot;:[]}}\" data-widget_type=\"posts.classic\">\n\t\t\t\t<div class=\"elementor-widget-container\">\n\t\t\t\t\t<div class=\"elementor-posts-container elementor-posts elementor-posts--skin-classic elementor-grid\">\n\t\t\t\t<article class=\"elementor-post elementor-grid-item post-8977 post type-post status-publish format-standard has-post-thumbnail hentry category-clipping category-destaques tag-bereia tag-bereua tag-desinformacao tag-estadao tag-fact-checking tag-istoe tag-jornal-de-brasilia tag-jornalismo tag-o-estado-de-s-paulo tag-religiao tag-religiosos tag-uol tag-zero-hora with-featured-image\">\n\t\t\t\t<a class=\"elementor-post__thumbnail__link\" href=\"https:\/\/felipematias.com.br\/bereia\/bereia-e-destaque-no-jornal-o-estado-de-s-paulo\/\" >\n\t\t\t<div class=\"elementor-post__thumbnail\"><img loading=\"lazy\" width=\"1327\" height=\"889\" src=\"https:\/\/felipematias.com.br\/bereia\/wp-content\/uploads\/2021\/12\/Foto-EStadao.png\" class=\"attachment-full size-full wp-image-9001\" alt=\"\" decoding=\"async\" srcset=\"https:\/\/felipematias.com.br\/bereia\/wp-content\/uploads\/2021\/12\/Foto-EStadao.png 1327w, https:\/\/felipematias.com.br\/bereia\/wp-content\/uploads\/2021\/12\/Foto-EStadao-300x201.png 300w, https:\/\/felipematias.com.br\/bereia\/wp-content\/uploads\/2021\/12\/Foto-EStadao-1024x686.png 1024w, https:\/\/felipematias.com.br\/bereia\/wp-content\/uploads\/2021\/12\/Foto-EStadao-768x515.png 768w, https:\/\/felipematias.com.br\/bereia\/wp-content\/uploads\/2021\/12\/Foto-EStadao-1200x804.png 1200w\" sizes=\"(max-width: 1327px) 100vw, 1327px\" \/><\/div>\n\t\t<\/a>\n\t\t\t\t<div class=\"elementor-post__text\">\n\t\t\t\t<h3 class=\"elementor-post__title\">\n\t\t\t<a href=\"https:\/\/felipematias.com.br\/bereia\/bereia-e-destaque-no-jornal-o-estado-de-s-paulo\/\" >\n\t\t\t\tBereia \u00e9 destaque no jornal O Estado de S.Paulo\t\t\t<\/a>\n\t\t<\/h3>\n\t\t\t\t<div class=\"elementor-post__meta-data\">\n\t\t\t\t\t<span class=\"elementor-post-date\">\n\t\t\t10 de dezembro de 2021\t\t<\/span>\n\t\t\t\t<\/div>\n\t\t\t\t<div class=\"elementor-post__excerpt\">\n\t\t\t<p>O surgimento e o trabalho do coletivo Bereia foi tema de reportagem da edi\u00e7\u00e3o de hoje do jornal O Estado de S\u00e3o Paulo. Nossa editora-geral<\/p>\n\t\t<\/div>\n\t\t\t\t<\/div>\n\t\t\t\t<\/article>\n\t\t\t\t<article class=\"elementor-post elementor-grid-item post-8543 post type-post status-publish format-standard has-post-thumbnail hentry category-clipping category-destaques tag-comunicacao tag-conselho-mundial-de-igrejas tag-direitos-humanos tag-era-digital tag-magali-cunha tag-simposio with-featured-image\">\n\t\t\t\t<a class=\"elementor-post__thumbnail__link\" href=\"https:\/\/felipematias.com.br\/bereia\/bereia-participa-de-evento-mundial-sobre-comunicacao-para-justica-social\/\" >\n\t\t\t<div class=\"elementor-post__thumbnail\"><img loading=\"lazy\" width=\"1200\" height=\"801\" src=\"https:\/\/felipematias.com.br\/bereia\/wp-content\/uploads\/2021\/09\/WCC.jpg\" class=\"attachment-full size-full wp-image-8545\" alt=\"\" decoding=\"async\" srcset=\"https:\/\/felipematias.com.br\/bereia\/wp-content\/uploads\/2021\/09\/WCC.jpg 1200w, https:\/\/felipematias.com.br\/bereia\/wp-content\/uploads\/2021\/09\/WCC-300x200.jpg 300w, https:\/\/felipematias.com.br\/bereia\/wp-content\/uploads\/2021\/09\/WCC-1024x684.jpg 1024w, https:\/\/felipematias.com.br\/bereia\/wp-content\/uploads\/2021\/09\/WCC-768x513.jpg 768w\" sizes=\"(max-width: 1200px) 100vw, 1200px\" \/><\/div>\n\t\t<\/a>\n\t\t\t\t<div class=\"elementor-post__text\">\n\t\t\t\t<h3 class=\"elementor-post__title\">\n\t\t\t<a href=\"https:\/\/felipematias.com.br\/bereia\/bereia-participa-de-evento-mundial-sobre-comunicacao-para-justica-social\/\" >\n\t\t\t\tBereia participa de evento mundial sobre Comunica\u00e7\u00e3o para Justi\u00e7a Social\t\t\t<\/a>\n\t\t<\/h3>\n\t\t\t\t<div class=\"elementor-post__meta-data\">\n\t\t\t\t\t<span class=\"elementor-post-date\">\n\t\t\t13 de setembro de 2021\t\t<\/span>\n\t\t\t\t<\/div>\n\t\t\t\t<div class=\"elementor-post__excerpt\">\n\t\t\t<p>Entre 13 e 15 de setembro ocorre o Simp\u00f3sio Comunica\u00e7\u00e3o para Justi\u00e7a Social na Era Digital, organizado pela Associa\u00e7\u00e3o Mundial para Comunica\u00e7\u00e3o Crist\u00e3 (WACC, na<\/p>\n\t\t<\/div>\n\t\t\t\t<\/div>\n\t\t\t\t<\/article>\n\t\t\t\t<article class=\"elementor-post elementor-grid-item post-7865 post type-post status-publish format-standard has-post-thumbnail hentry category-clipping category-destaques with-featured-image\">\n\t\t\t\t<a class=\"elementor-post__thumbnail__link\" href=\"https:\/\/felipematias.com.br\/bereia\/bereia-e-incluido-pelo-twitter-em-lista-oficial-de-fact-checking-saiba-como-seguir\/\" >\n\t\t\t<div class=\"elementor-post__thumbnail\"><img loading=\"lazy\" width=\"443\" height=\"230\" src=\"https:\/\/felipematias.com.br\/bereia\/wp-content\/uploads\/2021\/03\/Captura-de-tela-de-2021-03-25-11-16-22.png\" class=\"attachment-full size-full wp-image-7866\" alt=\"\" decoding=\"async\" srcset=\"https:\/\/felipematias.com.br\/bereia\/wp-content\/uploads\/2021\/03\/Captura-de-tela-de-2021-03-25-11-16-22.png 443w, https:\/\/felipematias.com.br\/bereia\/wp-content\/uploads\/2021\/03\/Captura-de-tela-de-2021-03-25-11-16-22-300x156.png 300w\" sizes=\"(max-width: 443px) 100vw, 443px\" \/><\/div>\n\t\t<\/a>\n\t\t\t\t<div class=\"elementor-post__text\">\n\t\t\t\t<h3 class=\"elementor-post__title\">\n\t\t\t<a href=\"https:\/\/felipematias.com.br\/bereia\/bereia-e-incluido-pelo-twitter-em-lista-oficial-de-fact-checking-saiba-como-seguir\/\" >\n\t\t\t\tBereia \u00e9 inclu\u00eddo pelo Twitter em lista oficial de fact-checking; saiba como seguir\t\t\t<\/a>\n\t\t<\/h3>\n\t\t\t\t<div class=\"elementor-post__meta-data\">\n\t\t\t\t\t<span class=\"elementor-post-date\">\n\t\t\t25 de mar\u00e7o de 2021\t\t<\/span>\n\t\t\t\t<\/div>\n\t\t\t\t<div class=\"elementor-post__excerpt\">\n\t\t\t<p>O perfil oficial do Twitter Moments Brasil, que organiza listas e realiza curadoria de conte\u00fados do momento na m\u00eddia social, incluiu o Bereia e outras<\/p>\n\t\t<\/div>\n\t\t\t\t<\/div>\n\t\t\t\t<\/article>\n\t\t\t\t<article class=\"elementor-post elementor-grid-item post-7319 post type-post status-publish format-standard has-post-thumbnail hentry category-clipping category-destaques tag-abraji tag-agencias tag-comprova tag-comprova-comunidades tag-comunidades tag-fact-checking tag-first-draft tag-iniciativa tag-juliana-dias-autora tag-luciana-petersen tag-magali-cunha tag-regioes-do-pais tag-tematica-religiosa with-featured-image\">\n\t\t\t\t<a class=\"elementor-post__thumbnail__link\" href=\"https:\/\/felipematias.com.br\/bereia\/coletivo-bereia-integra-projeto-especial-do-comprova\/\" >\n\t\t\t<div class=\"elementor-post__thumbnail\"><img loading=\"lazy\" width=\"1280\" height=\"960\" src=\"https:\/\/felipematias.com.br\/bereia\/wp-content\/uploads\/2020\/10\/WhatsApp-Image-2020-10-19-at-17.43.51.jpeg\" class=\"attachment-full size-full wp-image-7320\" alt=\"\" decoding=\"async\" srcset=\"https:\/\/felipematias.com.br\/bereia\/wp-content\/uploads\/2020\/10\/WhatsApp-Image-2020-10-19-at-17.43.51.jpeg 1280w, https:\/\/felipematias.com.br\/bereia\/wp-content\/uploads\/2020\/10\/WhatsApp-Image-2020-10-19-at-17.43.51-300x225.jpeg 300w, https:\/\/felipematias.com.br\/bereia\/wp-content\/uploads\/2020\/10\/WhatsApp-Image-2020-10-19-at-17.43.51-1024x768.jpeg 1024w, https:\/\/felipematias.com.br\/bereia\/wp-content\/uploads\/2020\/10\/WhatsApp-Image-2020-10-19-at-17.43.51-768x576.jpeg 768w, https:\/\/felipematias.com.br\/bereia\/wp-content\/uploads\/2020\/10\/WhatsApp-Image-2020-10-19-at-17.43.51-1200x900.jpeg 1200w\" sizes=\"(max-width: 1280px) 100vw, 1280px\" \/><\/div>\n\t\t<\/a>\n\t\t\t\t<div class=\"elementor-post__text\">\n\t\t\t\t<h3 class=\"elementor-post__title\">\n\t\t\t<a href=\"https:\/\/felipematias.com.br\/bereia\/coletivo-bereia-integra-projeto-especial-do-comprova\/\" >\n\t\t\t\tColetivo Bereia integra projeto especial do Comprova\t\t\t<\/a>\n\t\t<\/h3>\n\t\t\t\t<div class=\"elementor-post__meta-data\">\n\t\t\t\t\t<span class=\"elementor-post-date\">\n\t\t\t19 de outubro de 2020\t\t<\/span>\n\t\t\t\t<\/div>\n\t\t\t\t<div class=\"elementor-post__excerpt\">\n\t\t\t<p>No m\u00eas em que completa um ano de funda\u00e7\u00e3o, o Coletivo Bereia \u00e9 selecionado para integrar o projeto Comprova + Comunidades, que re\u00fane oito iniciativas<\/p>\n\t\t<\/div>\n\t\t\t\t<\/div>\n\t\t\t\t<\/article>\n\t\t\t\t<article class=\"elementor-post elementor-grid-item post-7302 post type-post status-publish format-standard has-post-thumbnail hentry category-clipping category-destaques tag-abertura tag-alexandre-brasil tag-igreja-sem-fake-news tag-instituto-solidare tag-isis-coutinho tag-lancamento tag-live tag-nacional tag-pesquisadora tag-recife tag-tearfund with-featured-image\">\n\t\t\t\t<a class=\"elementor-post__thumbnail__link\" href=\"https:\/\/felipematias.com.br\/bereia\/bereia-participa-de-lancamento-da-campanha-igrejasemfakenews\/\" >\n\t\t\t<div class=\"elementor-post__thumbnail\"><img loading=\"lazy\" width=\"1280\" height=\"908\" src=\"https:\/\/felipematias.com.br\/bereia\/wp-content\/uploads\/2020\/10\/WhatsApp-Image-2020-10-14-at-22.27.26.jpeg\" class=\"attachment-full size-full wp-image-7303\" alt=\"\" decoding=\"async\" srcset=\"https:\/\/felipematias.com.br\/bereia\/wp-content\/uploads\/2020\/10\/WhatsApp-Image-2020-10-14-at-22.27.26.jpeg 1280w, https:\/\/felipematias.com.br\/bereia\/wp-content\/uploads\/2020\/10\/WhatsApp-Image-2020-10-14-at-22.27.26-300x213.jpeg 300w, https:\/\/felipematias.com.br\/bereia\/wp-content\/uploads\/2020\/10\/WhatsApp-Image-2020-10-14-at-22.27.26-1024x726.jpeg 1024w, https:\/\/felipematias.com.br\/bereia\/wp-content\/uploads\/2020\/10\/WhatsApp-Image-2020-10-14-at-22.27.26-768x545.jpeg 768w, https:\/\/felipematias.com.br\/bereia\/wp-content\/uploads\/2020\/10\/WhatsApp-Image-2020-10-14-at-22.27.26-1200x851.jpeg 1200w\" sizes=\"(max-width: 1280px) 100vw, 1280px\" \/><\/div>\n\t\t<\/a>\n\t\t\t\t<div class=\"elementor-post__text\">\n\t\t\t\t<h3 class=\"elementor-post__title\">\n\t\t\t<a href=\"https:\/\/felipematias.com.br\/bereia\/bereia-participa-de-lancamento-da-campanha-igrejasemfakenews\/\" >\n\t\t\t\tBereia participa de lan\u00e7amento da campanha #IgrejaSemFakeNews\t\t\t<\/a>\n\t\t<\/h3>\n\t\t\t\t<div class=\"elementor-post__meta-data\">\n\t\t\t\t\t<span class=\"elementor-post-date\">\n\t\t\t15 de outubro de 2020\t\t<\/span>\n\t\t\t\t<\/div>\n\t\t\t\t<div class=\"elementor-post__excerpt\">\n\t\t\t<p>Na noite desta quinta-feira, 15 de outubro de 2020, foi lan\u00e7ada a campanha #IgrejaSemFakeNews, uma iniciativa da Igreja Batista em Coqueiral, atrav\u00e9s do Instituto Solidare<\/p>\n\t\t<\/div>\n\t\t\t\t<\/div>\n\t\t\t\t<\/article>\n\t\t\t\t<article class=\"elementor-post elementor-grid-item post-7087 post type-post status-publish format-standard has-post-thumbnail hentry category-clipping category-destaques tag-bereia tag-bruno-cidadao tag-coletivo-parceiro tag-desinformacao tag-fake-news tag-iniciativa tag-integra tag-rede-nacional-de-combate-a-desinformacao with-featured-image\">\n\t\t\t\t<a class=\"elementor-post__thumbnail__link\" href=\"https:\/\/felipematias.com.br\/bereia\/bereia-integra-a-rede-nacional-de-combate-a-desinformacao-lancamento-sera-quinta\/\" >\n\t\t\t<div class=\"elementor-post__thumbnail\"><img loading=\"lazy\" width=\"1123\" height=\"794\" src=\"https:\/\/felipematias.com.br\/bereia\/wp-content\/uploads\/2020\/09\/COLETIVO_parceiro.png\" class=\"attachment-full size-full wp-image-7088\" alt=\"\" decoding=\"async\" srcset=\"https:\/\/felipematias.com.br\/bereia\/wp-content\/uploads\/2020\/09\/COLETIVO_parceiro.png 1123w, https:\/\/felipematias.com.br\/bereia\/wp-content\/uploads\/2020\/09\/COLETIVO_parceiro-300x212.png 300w, https:\/\/felipematias.com.br\/bereia\/wp-content\/uploads\/2020\/09\/COLETIVO_parceiro-1024x724.png 1024w, https:\/\/felipematias.com.br\/bereia\/wp-content\/uploads\/2020\/09\/COLETIVO_parceiro-768x543.png 768w\" sizes=\"(max-width: 1123px) 100vw, 1123px\" \/><\/div>\n\t\t<\/a>\n\t\t\t\t<div class=\"elementor-post__text\">\n\t\t\t\t<h3 class=\"elementor-post__title\">\n\t\t\t<a href=\"https:\/\/felipematias.com.br\/bereia\/bereia-integra-a-rede-nacional-de-combate-a-desinformacao-lancamento-sera-quinta\/\" >\n\t\t\t\tBereia integra a Rede Nacional de Combate \u00e0 Desinforma\u00e7\u00e3o; lan\u00e7amento ser\u00e1 quinta\t\t\t<\/a>\n\t\t<\/h3>\n\t\t\t\t<div class=\"elementor-post__meta-data\">\n\t\t\t\t\t<span class=\"elementor-post-date\">\n\t\t\t23 de setembro de 2020\t\t<\/span>\n\t\t\t\t<\/div>\n\t\t\t\t<div class=\"elementor-post__excerpt\">\n\t\t\t<p>Na pr\u00f3xima quinta-feira, 24\/09, ser\u00e1 lan\u00e7ada a Rede Nacional de Combate \u00e0 Desinforma\u00e7\u00e3o (RNCD), iniciativa que re\u00fane pesquisadores, jornalistas, projetos, ag\u00eancias, coletivos, movimentos sociais, revistas<\/p>\n\t\t<\/div>\n\t\t\t\t<\/div>\n\t\t\t\t<\/article>\n\t\t\t\t<\/div>\n\n\n\t\t\n\t\t\t\t<\/div>\n\t\t\t\t<\/div>\n\t\t\t\t<div class=\"elementor-element elementor-element-79dbe5e0 elementor-widget elementor-widget-spacer\" data-id=\"79dbe5e0\" data-element_type=\"widget\" data-widget_type=\"spacer.default\">\n\t\t\t\t<div class=\"elementor-widget-container\">\n\t\t\t\t\t<div class=\"elementor-spacer\">\n\t\t\t<div class=\"elementor-spacer-inner\"><\/div>\n\t\t<\/div>\n\t\t\t\t<\/div>\n\t\t\t\t<\/div>\n\t\t\t\t\t<\/div>\n\t\t<\/div>\n\t\t\t\t\t\t\t<\/div>\n\t\t<\/section>\n\t\t\t\t\t\t\t<\/div>\n\t\t","protected":false},"excerpt":{"rendered":"","protected":false},"author":56,"featured_media":0,"parent":0,"menu_order":0,"comment_status":"closed","ping_status":"closed","template":"","meta":{"footnotes":""},"_links":{"self":[{"href":"https:\/\/felipematias.com.br\/bereia\/wp-json\/wp\/v2\/pages\/8240"}],"collection":[{"href":"https:\/\/felipematias.com.br\/bereia\/wp-json\/wp\/v2\/pages"}],"about":[{"href":"https:\/\/felipematias.com.br\/bereia\/wp-json\/wp\/v2\/types\/page"}],"author":[{"embeddable":true,"href":"https:\/\/felipematias.com.br\/bereia\/wp-json\/wp\/v2\/users\/56"}],"replies":[{"embeddable":true,"href":"https:\/\/felipematias.com.br\/bereia\/wp-json\/wp\/v2\/comments?post=8240"}],"version-history":[{"count":14,"href":"https:\/\/felipematias.com.br\/bereia\/wp-json\/wp\/v2\/pages\/8240\/revisions"}],"predecessor-version":[{"id":9091,"href":"https:\/\/felipematias.com.br\/bereia\/wp-json\/wp\/v2\/pages\/8240\/revisions\/9091"}],"wp:attachment":[{"href":"https:\/\/felipematias.com.br\/bereia\/wp-json\/wp\/v2\/media?parent=8240"}],"curies":[{"name":"wp","href":"https:\/\/api.w.org\/{rel}","templated":true}]}}