{"id":8806,"date":"2021-11-25T19:19:56","date_gmt":"2021-11-25T22:19:56","guid":{"rendered":"https:\/\/felipematias.com.br\/bereia\/?page_id=8806"},"modified":"2021-12-13T09:48:36","modified_gmt":"2021-12-13T12:48:36","slug":"contato","status":"publish","type":"page","link":"https:\/\/felipematias.com.br\/bereia\/contato\/","title":{"rendered":"Contato"},"content":{"rendered":"\t\t<div data-elementor-type=\"wp-page\" data-elementor-id=\"8806\" class=\"elementor elementor-8806\">\n\t\t\t\t\t\t\t\t\t<section class=\"elementor-section elementor-top-section elementor-element elementor-element-3ef6e2ae elementor-section-boxed elementor-section-height-default elementor-section-height-default\" data-id=\"3ef6e2ae\" data-element_type=\"section\" id=\"top\">\n\t\t\t\t\t\t<div class=\"elementor-container elementor-column-gap-default\">\n\t\t\t\t\t<div class=\"elementor-column elementor-col-100 elementor-top-column elementor-element elementor-element-3d907de6\" data-id=\"3d907de6\" data-element_type=\"column\">\n\t\t\t<div class=\"elementor-widget-wrap elementor-element-populated\">\n\t\t\t\t\t\t\t\t<section class=\"elementor-section elementor-inner-section elementor-element elementor-element-5939ef81 elementor-section-height-min-height elementor-section-content-middle elementor-section-boxed elementor-section-height-default\" data-id=\"5939ef81\" data-element_type=\"section\" data-settings=\"{&quot;background_background&quot;:&quot;classic&quot;}\">\n\t\t\t\t\t\t\t<div class=\"elementor-background-overlay\"><\/div>\n\t\t\t\t\t\t\t<div class=\"elementor-container elementor-column-gap-default\">\n\t\t\t\t\t<div class=\"elementor-column elementor-col-100 elementor-inner-column elementor-element elementor-element-2eca8d6d\" data-id=\"2eca8d6d\" data-element_type=\"column\">\n\t\t\t<div class=\"elementor-widget-wrap elementor-element-populated\">\n\t\t\t\t\t\t\t\t<div class=\"elementor-element elementor-element-49c10e76 elementor-widget elementor-widget-heading\" data-id=\"49c10e76\" data-element_type=\"widget\" data-widget_type=\"heading.default\">\n\t\t\t\t<div class=\"elementor-widget-container\">\n\t\t\t<h2 class=\"elementor-heading-title elementor-size-default\">Fale Conosco<\/h2>\t\t<\/div>\n\t\t\t\t<\/div>\n\t\t\t\t<div class=\"elementor-element elementor-element-21389d55 elementor-widget__width-auto elementor-widget elementor-widget-heading\" data-id=\"21389d55\" data-element_type=\"widget\" data-widget_type=\"heading.default\">\n\t\t\t\t<div class=\"elementor-widget-container\">\n\t\t\t<h6 class=\"elementor-heading-title elementor-size-default\">Contato<\/h6>\t\t<\/div>\n\t\t\t\t<\/div>\n\t\t\t\t\t<\/div>\n\t\t<\/div>\n\t\t\t\t\t\t\t<\/div>\n\t\t<\/section>\n\t\t\t\t\t<\/div>\n\t\t<\/div>\n\t\t\t\t\t\t\t<\/div>\n\t\t<\/section>\n\t\t\t\t<section class=\"elementor-section elementor-top-section elementor-element elementor-element-508d39fe elementor-section-boxed elementor-section-height-default elementor-section-height-default\" data-id=\"508d39fe\" data-element_type=\"section\">\n\t\t\t\t\t\t<div class=\"elementor-container elementor-column-gap-default\">\n\t\t\t\t\t<div class=\"elementor-column elementor-col-50 elementor-top-column elementor-element elementor-element-27003853\" data-id=\"27003853\" data-element_type=\"column\">\n\t\t\t<div class=\"elementor-widget-wrap elementor-element-populated\">\n\t\t\t\t\t\t\t\t<section class=\"elementor-section elementor-inner-section elementor-element elementor-element-6b14bfd6 elementor-section-boxed elementor-section-height-default elementor-section-height-default\" data-id=\"6b14bfd6\" data-element_type=\"section\">\n\t\t\t\t\t\t<div class=\"elementor-container elementor-column-gap-default\">\n\t\t\t\t\t<div class=\"elementor-column elementor-col-100 elementor-inner-column elementor-element elementor-element-65f8a361\" data-id=\"65f8a361\" data-element_type=\"column\">\n\t\t\t<div class=\"elementor-widget-wrap elementor-element-populated\">\n\t\t\t\t\t\t\t\t<div class=\"elementor-element elementor-element-5c64ef4d elementor-widget__width-auto elementor-widget elementor-widget-heading\" data-id=\"5c64ef4d\" data-element_type=\"widget\" data-widget_type=\"heading.default\">\n\t\t\t\t<div class=\"elementor-widget-container\">\n\t\t\t<h6 class=\"elementor-heading-title elementor-size-default\">Envie sua mensagem<\/h6>\t\t<\/div>\n\t\t\t\t<\/div>\n\t\t\t\t<div class=\"elementor-element elementor-element-2c5c5331 elementor-widget-divider--view-line elementor-widget elementor-widget-divider\" data-id=\"2c5c5331\" data-element_type=\"widget\" data-widget_type=\"divider.default\">\n\t\t\t\t<div class=\"elementor-widget-container\">\n\t\t\t\t\t<div class=\"elementor-divider\">\n\t\t\t<span class=\"elementor-divider-separator\">\n\t\t\t\t\t\t<\/span>\n\t\t<\/div>\n\t\t\t\t<\/div>\n\t\t\t\t<\/div>\n\t\t\t\t\t<\/div>\n\t\t<\/div>\n\t\t\t\t\t\t\t<\/div>\n\t\t<\/section>\n\t\t\t\t<section class=\"elementor-section elementor-inner-section elementor-element elementor-element-344863d0 elementor-section-boxed elementor-section-height-default elementor-section-height-default\" data-id=\"344863d0\" data-element_type=\"section\">\n\t\t\t\t\t\t<div class=\"elementor-container elementor-column-gap-default\">\n\t\t\t\t\t<div class=\"elementor-column elementor-col-100 elementor-inner-column elementor-element elementor-element-52da2e1a\" data-id=\"52da2e1a\" data-element_type=\"column\">\n\t\t\t<div class=\"elementor-widget-wrap elementor-element-populated\">\n\t\t\t\t\t\t\t\t<div class=\"elementor-element elementor-element-52086bff elementor-button-align-stretch elementor-widget elementor-widget-form\" data-id=\"52086bff\" data-element_type=\"widget\" data-settings=\"{&quot;step_next_label&quot;:&quot;Next&quot;,&quot;step_previous_label&quot;:&quot;Previous&quot;,&quot;button_width&quot;:&quot;100&quot;,&quot;step_type&quot;:&quot;number_text&quot;,&quot;step_icon_shape&quot;:&quot;circle&quot;}\" data-widget_type=\"form.default\">\n\t\t\t\t<div class=\"elementor-widget-container\">\n\t\t\t\t\t<form class=\"elementor-form\" method=\"post\" name=\"New Form\">\n\t\t\t<input type=\"hidden\" name=\"post_id\" value=\"8806\"\/>\n\t\t\t<input type=\"hidden\" name=\"form_id\" value=\"52086bff\"\/>\n\t\t\t<input type=\"hidden\" name=\"referer_title\" value=\"\" \/>\n\n\t\t\t\n\t\t\t<div class=\"elementor-form-fields-wrapper elementor-labels-\">\n\t\t\t\t\t\t\t\t<div class=\"elementor-field-type-text elementor-field-group elementor-column elementor-field-group-name elementor-col-50 elementor-field-required\">\n\t\t\t\t\t<label for=\"form-field-name\" class=\"elementor-field-label elementor-screen-only\">Name<\/label><input size=\"1\" type=\"text\" name=\"form_fields[name]\" id=\"form-field-name\" class=\"elementor-field elementor-size-lg  elementor-field-textual\" placeholder=\"Nome\" required=\"required\" aria-required=\"true\">\t\t\t\t<\/div>\n\t\t\t\t\t\t\t\t<div class=\"elementor-field-type-email elementor-field-group elementor-column elementor-field-group-email elementor-col-50 elementor-field-required\">\n\t\t\t\t\t<label for=\"form-field-email\" class=\"elementor-field-label elementor-screen-only\">Email<\/label><input size=\"1\" type=\"email\" name=\"form_fields[email]\" id=\"form-field-email\" class=\"elementor-field elementor-size-lg  elementor-field-textual\" placeholder=\"Email\" required=\"required\" aria-required=\"true\">\t\t\t\t<\/div>\n\t\t\t\t\t\t\t\t<div class=\"elementor-field-type-textarea elementor-field-group elementor-column elementor-field-group-message elementor-col-100\">\n\t\t\t\t\t<label for=\"form-field-message\" class=\"elementor-field-label elementor-screen-only\">Mensagem<\/label><textarea class=\"elementor-field-textual elementor-field  elementor-size-lg\" name=\"form_fields[message]\" id=\"form-field-message\" rows=\"5\" placeholder=\"Mensagem\"><\/textarea>\t\t\t\t<\/div>\n\t\t\t\t\t\t\t\t<div class=\"elementor-field-group elementor-column elementor-field-type-submit elementor-col-100 e-form__buttons\">\n\t\t\t\t\t<button type=\"submit\" class=\"elementor-button elementor-size-sm\">\n\t\t\t\t\t\t<span >\n\t\t\t\t\t\t\t\t\t\t\t\t\t\t\t<span class=\" elementor-button-icon\">\n\t\t\t\t\t\t\t\t\t\t\t\t\t\t\t\t\t\t\t\t\t\t\t\t\t\t<\/span>\n\t\t\t\t\t\t\t\t\t\t\t\t\t\t\t\t\t\t\t\t\t\t<span class=\"elementor-button-text\">Enviar<\/span>\n\t\t\t\t\t\t\t\t\t\t\t\t\t<\/span>\n\t\t\t\t\t<\/button>\n\t\t\t\t<\/div>\n\t\t\t<\/div>\n\t\t<\/form>\n\t\t\t\t<\/div>\n\t\t\t\t<\/div>\n\t\t\t\t\t<\/div>\n\t\t<\/div>\n\t\t\t\t\t\t\t<\/div>\n\t\t<\/section>\n\t\t\t\t\t<\/div>\n\t\t<\/div>\n\t\t\t\t<div class=\"elementor-column elementor-col-50 elementor-top-column elementor-element elementor-element-3df2f014\" data-id=\"3df2f014\" data-element_type=\"column\">\n\t\t\t<div class=\"elementor-widget-wrap elementor-element-populated\">\n\t\t\t\t\t\t\t\t<div class=\"elementor-element elementor-element-7f0c877 elementor-widget__width-auto elementor-widget elementor-widget-heading\" data-id=\"7f0c877\" data-element_type=\"widget\" data-widget_type=\"heading.default\">\n\t\t\t\t<div class=\"elementor-widget-container\">\n\t\t\t<h6 class=\"elementor-heading-title elementor-size-default\">\u00daltimas not\u00edcias<\/h6>\t\t<\/div>\n\t\t\t\t<\/div>\n\t\t\t\t<div class=\"elementor-element elementor-element-463e1ae9 elementor-widget-divider--view-line elementor-widget elementor-widget-divider\" data-id=\"463e1ae9\" data-element_type=\"widget\" data-widget_type=\"divider.default\">\n\t\t\t\t<div class=\"elementor-widget-container\">\n\t\t\t\t\t<div class=\"elementor-divider\">\n\t\t\t<span class=\"elementor-divider-separator\">\n\t\t\t\t\t\t<\/span>\n\t\t<\/div>\n\t\t\t\t<\/div>\n\t\t\t\t<\/div>\n\t\t\t\t<div class=\"elementor-element elementor-element-38be8e40 elementor-grid-1 elementor-grid-tablet-1 elementor-grid-mobile-1 elementor-posts--thumbnail-top elementor-widget elementor-widget-posts\" data-id=\"38be8e40\" data-element_type=\"widget\" data-settings=\"{&quot;classic_columns&quot;:&quot;1&quot;,&quot;classic_columns_tablet&quot;:&quot;1&quot;,&quot;classic_row_gap&quot;:{&quot;unit&quot;:&quot;px&quot;,&quot;size&quot;:10,&quot;sizes&quot;:[]},&quot;classic_columns_mobile&quot;:&quot;1&quot;}\" data-widget_type=\"posts.classic\">\n\t\t\t\t<div class=\"elementor-widget-container\">\n\t\t\t\t\t<div class=\"elementor-posts-container elementor-posts elementor-posts--skin-classic elementor-grid\">\n\t\t\t\t<article class=\"elementor-post elementor-grid-item post-8984 post type-post status-publish format-standard has-post-thumbnail hentry category-checamos category-destaques category-jair-bolsonaro category-torre-de-vigia tag-biblia tag-biblia-nas-escolas tag-comunismo tag-corrupcao tag-cpi-da-covid tag-escolas tag-fabricio-queiroz tag-hugo-silva tag-intervencao tag-intervencao-comunista tag-jair-bolsonaro tag-michelle-bolsonaro tag-rachadinha tag-stf with-featured-image\">\n\t\t\t\t<a class=\"elementor-post__thumbnail__link\" href=\"https:\/\/felipematias.com.br\/bereia\/bolsonaro-fala-de-proibicao-da-biblia-pelo-stf-comunismo-no-brasil-e-fim-da-corrupcao-em-discurso\/\" >\n\t\t\t<div class=\"elementor-post__thumbnail\"><img loading=\"lazy\" width=\"300\" height=\"180\" src=\"https:\/\/felipematias.com.br\/bereia\/wp-content\/uploads\/2021\/12\/Bolsonaro-STF-Biblia-300x180.png\" class=\"attachment-medium size-medium wp-image-8986\" alt=\"\" decoding=\"async\" srcset=\"https:\/\/felipematias.com.br\/bereia\/wp-content\/uploads\/2021\/12\/Bolsonaro-STF-Biblia-300x180.png 300w, https:\/\/felipematias.com.br\/bereia\/wp-content\/uploads\/2021\/12\/Bolsonaro-STF-Biblia.png 752w\" sizes=\"(max-width: 300px) 100vw, 300px\" \/><\/div>\n\t\t<\/a>\n\t\t\t\t<div class=\"elementor-post__text\">\n\t\t\t\t<h3 class=\"elementor-post__title\">\n\t\t\t<a href=\"https:\/\/felipematias.com.br\/bereia\/bolsonaro-fala-de-proibicao-da-biblia-pelo-stf-comunismo-no-brasil-e-fim-da-corrupcao-em-discurso\/\" >\n\t\t\t\tBolsonaro fala de proibi\u00e7\u00e3o da B\u00edblia pelo STF, comunismo no Brasil e fim da corrup\u00e7\u00e3o em discurso\t\t\t<\/a>\n\t\t<\/h3>\n\t\t\t\t<div class=\"elementor-post__meta-data\">\n\t\t\t\t\t<span class=\"elementor-post-date\">\n\t\t\t17 de dezembro de 2021\t\t<\/span>\n\t\t\t\t<span class=\"elementor-post-avatar\">\n\t\t\tNenhum coment\u00e1rio\t\t<\/span>\n\t\t\t\t<\/div>\n\t\t\t\t<\/div>\n\t\t\t\t<\/article>\n\t\t\t\t<article class=\"elementor-post elementor-grid-item post-8982 post type-post status-publish format-standard has-post-thumbnail hentry category-areopago category-destaques tag-andre-mendonca tag-bolsonarismo tag-centrao tag-constituinte tag-dom-paulo-evaristo-arns tag-donald-trump tag-evangelicos tag-igreja-catolica tag-igreja-presbiteriana tag-jaime-wright tag-jorge-antonio-barros tag-neopentecostais tag-pentecostais tag-presbiteriano tag-steve-bannon tag-stf with-featured-image\">\n\t\t\t\t<a class=\"elementor-post__thumbnail__link\" href=\"https:\/\/felipematias.com.br\/bereia\/mendonca-evangelicos-e-bolsonarismo\/\" >\n\t\t\t<div class=\"elementor-post__thumbnail\"><img loading=\"lazy\" width=\"300\" height=\"225\" src=\"https:\/\/felipematias.com.br\/bereia\/wp-content\/uploads\/2021\/12\/49835089691_9f23d34e49_o-300x225.jpg\" class=\"attachment-medium size-medium wp-image-8988\" alt=\"\" decoding=\"async\" srcset=\"https:\/\/felipematias.com.br\/bereia\/wp-content\/uploads\/2021\/12\/49835089691_9f23d34e49_o-300x225.jpg 300w, https:\/\/felipematias.com.br\/bereia\/wp-content\/uploads\/2021\/12\/49835089691_9f23d34e49_o-768x576.jpg 768w, https:\/\/felipematias.com.br\/bereia\/wp-content\/uploads\/2021\/12\/49835089691_9f23d34e49_o.jpg 1024w\" sizes=\"(max-width: 300px) 100vw, 300px\" \/><\/div>\n\t\t<\/a>\n\t\t\t\t<div class=\"elementor-post__text\">\n\t\t\t\t<h3 class=\"elementor-post__title\">\n\t\t\t<a href=\"https:\/\/felipematias.com.br\/bereia\/mendonca-evangelicos-e-bolsonarismo\/\" >\n\t\t\t\tMendon\u00e7a, evang\u00e9licos e bolsonarismo\t\t\t<\/a>\n\t\t<\/h3>\n\t\t\t\t<div class=\"elementor-post__meta-data\">\n\t\t\t\t\t<span class=\"elementor-post-date\">\n\t\t\t16 de dezembro de 2021\t\t<\/span>\n\t\t\t\t<span class=\"elementor-post-avatar\">\n\t\t\tNenhum coment\u00e1rio\t\t<\/span>\n\t\t\t\t<\/div>\n\t\t\t\t<\/div>\n\t\t\t\t<\/article>\n\t\t\t\t<article class=\"elementor-post elementor-grid-item post-8983 post type-post status-publish format-standard has-post-thumbnail hentry category-checamos category-destaques category-torre-de-vigia tag-andre-mendonca tag-antifascista tag-comissao-nacional-da-verdade tag-fascismo tag-jair-bolsonaro tag-lei-de-seguranca-nacional tag-lsn tag-luis-henrique-vieira tag-ministro-da-justica tag-stf with-featured-image\">\n\t\t\t\t<a class=\"elementor-post__thumbnail__link\" href=\"https:\/\/felipematias.com.br\/bereia\/a-sabatina-de-andre-mendonca-pelo-senado-parte-3-o-uso-da-lei-de-seguranca-nacional\/\" >\n\t\t\t<div class=\"elementor-post__thumbnail\"><img loading=\"lazy\" width=\"300\" height=\"225\" src=\"https:\/\/felipematias.com.br\/bereia\/wp-content\/uploads\/2021\/12\/pgr_posse_planalto_0429202605-300x225.jpg\" class=\"attachment-medium size-medium wp-image-8990\" alt=\"\" decoding=\"async\" srcset=\"https:\/\/felipematias.com.br\/bereia\/wp-content\/uploads\/2021\/12\/pgr_posse_planalto_0429202605-300x225.jpg 300w, https:\/\/felipematias.com.br\/bereia\/wp-content\/uploads\/2021\/12\/pgr_posse_planalto_0429202605-768x576.jpg 768w, https:\/\/felipematias.com.br\/bereia\/wp-content\/uploads\/2021\/12\/pgr_posse_planalto_0429202605.jpg 1024w\" sizes=\"(max-width: 300px) 100vw, 300px\" \/><\/div>\n\t\t<\/a>\n\t\t\t\t<div class=\"elementor-post__text\">\n\t\t\t\t<h3 class=\"elementor-post__title\">\n\t\t\t<a href=\"https:\/\/felipematias.com.br\/bereia\/a-sabatina-de-andre-mendonca-pelo-senado-parte-3-o-uso-da-lei-de-seguranca-nacional\/\" >\n\t\t\t\tA sabatina de Andr\u00e9 Mendon\u00e7a pelo Senado &#8211; Parte 3: o uso da Lei de Seguran\u00e7a Nacional\t\t\t<\/a>\n\t\t<\/h3>\n\t\t\t\t<div class=\"elementor-post__meta-data\">\n\t\t\t\t\t<span class=\"elementor-post-date\">\n\t\t\t16 de dezembro de 2021\t\t<\/span>\n\t\t\t\t<span class=\"elementor-post-avatar\">\n\t\t\tNenhum coment\u00e1rio\t\t<\/span>\n\t\t\t\t<\/div>\n\t\t\t\t<\/div>\n\t\t\t\t<\/article>\n\t\t\t\t<\/div>\n\n\n\t\t\n\t\t\t\t<\/div>\n\t\t\t\t<\/div>\n\t\t\t\t\t<\/div>\n\t\t<\/div>\n\t\t\t\t\t\t\t<\/div>\n\t\t<\/section>\n\t\t\t\t<section class=\"elementor-section elementor-top-section elementor-element elementor-element-36bb7424 elementor-section-boxed elementor-section-height-default elementor-section-height-default\" data-id=\"36bb7424\" data-element_type=\"section\">\n\t\t\t\t\t\t<div class=\"elementor-container elementor-column-gap-default\">\n\t\t\t\t\t<div class=\"elementor-column elementor-col-100 elementor-top-column elementor-element elementor-element-195b9b49\" data-id=\"195b9b49\" data-element_type=\"column\">\n\t\t\t<div class=\"elementor-widget-wrap elementor-element-populated\">\n\t\t\t\t\t\t\t\t<section class=\"elementor-section elementor-inner-section elementor-element elementor-element-30e28268 elementor-section-boxed elementor-section-height-default elementor-section-height-default\" data-id=\"30e28268\" data-element_type=\"section\">\n\t\t\t\t\t\t<div class=\"elementor-container elementor-column-gap-default\">\n\t\t\t\t\t<div class=\"elementor-column elementor-col-100 elementor-inner-column elementor-element elementor-element-413068e2\" data-id=\"413068e2\" data-element_type=\"column\">\n\t\t\t<div class=\"elementor-widget-wrap elementor-element-populated\">\n\t\t\t\t\t\t\t\t<div class=\"elementor-element elementor-element-6f8a33a2 elementor-widget__width-auto elementor-widget elementor-widget-heading\" data-id=\"6f8a33a2\" data-element_type=\"widget\" data-widget_type=\"heading.default\">\n\t\t\t\t<div class=\"elementor-widget-container\">\n\t\t\t<h6 class=\"elementor-heading-title elementor-size-default\">Bereia nas redes<\/h6>\t\t<\/div>\n\t\t\t\t<\/div>\n\t\t\t\t<div class=\"elementor-element elementor-element-7b2f02 elementor-widget-divider--view-line elementor-widget elementor-widget-divider\" data-id=\"7b2f02\" data-element_type=\"widget\" data-widget_type=\"divider.default\">\n\t\t\t\t<div class=\"elementor-widget-container\">\n\t\t\t\t\t<div class=\"elementor-divider\">\n\t\t\t<span class=\"elementor-divider-separator\">\n\t\t\t\t\t\t<\/span>\n\t\t<\/div>\n\t\t\t\t<\/div>\n\t\t\t\t<\/div>\n\t\t\t\t\t<\/div>\n\t\t<\/div>\n\t\t\t\t\t\t\t<\/div>\n\t\t<\/section>\n\t\t\t\t<section class=\"elementor-section elementor-inner-section elementor-element elementor-element-75f99a95 elementor-section-boxed elementor-section-height-default elementor-section-height-default\" data-id=\"75f99a95\" data-element_type=\"section\">\n\t\t\t\t\t\t<div class=\"elementor-container elementor-column-gap-default\">\n\t\t\t\t\t<div class=\"elementor-column elementor-col-33 elementor-inner-column elementor-element elementor-element-1f3fa099\" data-id=\"1f3fa099\" data-element_type=\"column\">\n\t\t\t<div class=\"elementor-widget-wrap elementor-element-populated\">\n\t\t\t\t\t\t\t\t<div class=\"elementor-element elementor-element-34c3efbc elementor-align-justify elementor-widget elementor-widget-button\" data-id=\"34c3efbc\" data-element_type=\"widget\" data-widget_type=\"button.default\">\n\t\t\t\t<div class=\"elementor-widget-container\">\n\t\t\t\t\t<div class=\"elementor-button-wrapper\">\n\t\t\t<a class=\"elementor-button elementor-button-link elementor-size-xs\" href=\"#\">\n\t\t\t\t\t\t<span class=\"elementor-button-content-wrapper\">\n\t\t\t\t\t\t<span class=\"elementor-button-icon elementor-align-icon-left\">\n\t\t\t\t<i aria-hidden=\"true\" class=\"fab fa-facebook-f\"><\/i>\t\t\t<\/span>\n\t\t\t\t\t\t<span class=\"elementor-button-text\">Curta-nos no Facebook<\/span>\n\t\t<\/span>\n\t\t\t\t\t<\/a>\n\t\t<\/div>\n\t\t\t\t<\/div>\n\t\t\t\t<\/div>\n\t\t\t\t\t<\/div>\n\t\t<\/div>\n\t\t\t\t<div class=\"elementor-column elementor-col-33 elementor-inner-column elementor-element elementor-element-6c54fb97\" data-id=\"6c54fb97\" data-element_type=\"column\">\n\t\t\t<div class=\"elementor-widget-wrap elementor-element-populated\">\n\t\t\t\t\t\t\t\t<div class=\"elementor-element elementor-element-69ec2686 elementor-align-justify elementor-widget elementor-widget-button\" data-id=\"69ec2686\" data-element_type=\"widget\" data-widget_type=\"button.default\">\n\t\t\t\t<div class=\"elementor-widget-container\">\n\t\t\t\t\t<div class=\"elementor-button-wrapper\">\n\t\t\t<a class=\"elementor-button elementor-button-link elementor-size-xs\" href=\"#\">\n\t\t\t\t\t\t<span class=\"elementor-button-content-wrapper\">\n\t\t\t\t\t\t<span class=\"elementor-button-icon elementor-align-icon-left\">\n\t\t\t\t<i aria-hidden=\"true\" class=\"fab fa-twitter\"><\/i>\t\t\t<\/span>\n\t\t\t\t\t\t<span class=\"elementor-button-text\">Siga-nos no Twitter<\/span>\n\t\t<\/span>\n\t\t\t\t\t<\/a>\n\t\t<\/div>\n\t\t\t\t<\/div>\n\t\t\t\t<\/div>\n\t\t\t\t\t<\/div>\n\t\t<\/div>\n\t\t\t\t<div class=\"elementor-column elementor-col-33 elementor-inner-column elementor-element elementor-element-3e0efd94\" data-id=\"3e0efd94\" data-element_type=\"column\">\n\t\t\t<div class=\"elementor-widget-wrap elementor-element-populated\">\n\t\t\t\t\t\t\t\t<div class=\"elementor-element elementor-element-7192068f elementor-align-justify elementor-widget elementor-widget-button\" data-id=\"7192068f\" data-element_type=\"widget\" data-widget_type=\"button.default\">\n\t\t\t\t<div class=\"elementor-widget-container\">\n\t\t\t\t\t<div class=\"elementor-button-wrapper\">\n\t\t\t<a class=\"elementor-button elementor-button-link elementor-size-xs\" href=\"#\">\n\t\t\t\t\t\t<span class=\"elementor-button-content-wrapper\">\n\t\t\t\t\t\t<span class=\"elementor-button-icon elementor-align-icon-left\">\n\t\t\t\t<i aria-hidden=\"true\" class=\"fab fa-youtube\"><\/i>\t\t\t<\/span>\n\t\t\t\t\t\t<span class=\"elementor-button-text\">Inscreva-se no canal<\/span>\n\t\t<\/span>\n\t\t\t\t\t<\/a>\n\t\t<\/div>\n\t\t\t\t<\/div>\n\t\t\t\t<\/div>\n\t\t\t\t\t<\/div>\n\t\t<\/div>\n\t\t\t\t\t\t\t<\/div>\n\t\t<\/section>\n\t\t\t\t\t<\/div>\n\t\t<\/div>\n\t\t\t\t\t\t\t<\/div>\n\t\t<\/section>\n\t\t\t\t<section class=\"elementor-section elementor-top-section elementor-element elementor-element-a34d0ea elementor-section-boxed elementor-section-height-default elementor-section-height-default\" data-id=\"a34d0ea\" data-element_type=\"section\">\n\t\t\t\t\t\t<div class=\"elementor-container elementor-column-gap-default\">\n\t\t\t\t\t<div class=\"elementor-column elementor-col-100 elementor-top-column elementor-element elementor-element-a6f10a6\" data-id=\"a6f10a6\" data-element_type=\"column\">\n\t\t\t<div class=\"elementor-widget-wrap elementor-element-populated\">\n\t\t\t\t\t\t\t\t<div class=\"elementor-element elementor-element-0d2f2e1 elementor-widget elementor-widget-spacer\" data-id=\"0d2f2e1\" data-element_type=\"widget\" data-widget_type=\"spacer.default\">\n\t\t\t\t<div class=\"elementor-widget-container\">\n\t\t\t\t\t<div class=\"elementor-spacer\">\n\t\t\t<div class=\"elementor-spacer-inner\"><\/div>\n\t\t<\/div>\n\t\t\t\t<\/div>\n\t\t\t\t<\/div>\n\t\t\t\t\t<\/div>\n\t\t<\/div>\n\t\t\t\t\t\t\t<\/div>\n\t\t<\/section>\n\t\t\t\t\t\t\t<\/div>\n\t\t","protected":false},"excerpt":{"rendered":"<p>Fale Conosco Contato Envie sua mensagem \u00daltimas not\u00edcias Bereia nas redes Curta-nos no Facebook Siga-nos no Twitter Inscreva-se no canal<\/p>\n","protected":false},"author":32,"featured_media":0,"parent":0,"menu_order":0,"comment_status":"closed","ping_status":"closed","template":"elementor_header_footer","meta":{"footnotes":""},"_links":{"self":[{"href":"https:\/\/felipematias.com.br\/bereia\/wp-json\/wp\/v2\/pages\/8806"}],"collection":[{"href":"https:\/\/felipematias.com.br\/bereia\/wp-json\/wp\/v2\/pages"}],"about":[{"href":"https:\/\/felipematias.com.br\/bereia\/wp-json\/wp\/v2\/types\/page"}],"author":[{"embeddable":true,"href":"https:\/\/felipematias.com.br\/bereia\/wp-json\/wp\/v2\/users\/32"}],"replies":[{"embeddable":true,"href":"https:\/\/felipematias.com.br\/bereia\/wp-json\/wp\/v2\/comments?post=8806"}],"version-history":[{"count":14,"href":"https:\/\/felipematias.com.br\/bereia\/wp-json\/wp\/v2\/pages\/8806\/revisions"}],"predecessor-version":[{"id":8932,"href":"https:\/\/felipematias.com.br\/bereia\/wp-json\/wp\/v2\/pages\/8806\/revisions\/8932"}],"wp:attachment":[{"href":"https:\/\/felipematias.com.br\/bereia\/wp-json\/wp\/v2\/media?parent=8806"}],"curies":[{"name":"wp","href":"https:\/\/api.w.org\/{rel}","templated":true}]}}